{"id":2,"date":"2022-10-26T16:03:31","date_gmt":"2022-10-26T14:03:31","guid":{"rendered":"https:\/\/osservatori.iuse.it\/coerence\/?page_id=2"},"modified":"2025-11-07T18:09:12","modified_gmt":"2025-11-07T17:09:12","slug":"mission","status":"publish","type":"page","link":"https:\/\/osservatori.iuse.it\/bip\/mission\/","title":{"rendered":"Mission"},"content":{"rendered":"[et_pb_section fb_built=&#8221;1&#8243; fullwidth=&#8221;on&#8221; _builder_version=&#8221;4.21.0&#8243; _module_preset=&#8221;default&#8221; box_shadow_style=&#8221;preset3&#8243; global_module=&#8221;59&#8243; global_colors_info=&#8221;{}&#8221;][et_pb_fullwidth_post_title meta=&#8221;off&#8221; featured_image=&#8221;off&#8221; _builder_version=&#8221;4.21.0&#8243; _module_preset=&#8221;default&#8221; title_text_color=&#8221;#E02B20&#8243; background_enable_pattern_style=&#8221;on&#8221; background_pattern_style=&#8221;diagonal-stripes-2&#8243; background_pattern_color=&#8221;rgba(0,0,0,0.1)&#8221; global_colors_info=&#8221;{}&#8221;][\/et_pb_fullwidth_post_title][\/et_pb_section][et_pb_section fb_built=&#8221;1&#8243; admin_label=&#8221;section&#8221; _builder_version=&#8221;4.16&#8243; global_colors_info=&#8221;{}&#8221;][et_pb_row admin_label=&#8221;row&#8221; _builder_version=&#8221;4.16&#8243; background_size=&#8221;initial&#8221; background_position=&#8221;top_left&#8221; background_repeat=&#8221;repeat&#8221; global_colors_info=&#8221;{}&#8221;][et_pb_column type=&#8221;4_4&#8243; _builder_version=&#8221;4.16&#8243; custom_padding=&#8221;|||&#8221; global_colors_info=&#8221;{}&#8221; custom_padding__hover=&#8221;|||&#8221;][et_pb_text admin_label=&#8221;Text&#8221; _builder_version=&#8221;4.27.4&#8243; background_size=&#8221;initial&#8221; background_position=&#8221;top_left&#8221; background_repeat=&#8221;repeat&#8221; hover_enabled=&#8221;0&#8243; global_colors_info=&#8221;{}&#8221; sticky_enabled=&#8221;0&#8243;]<p><\/p>\n<h3>Aiutare a realizzare esperimenti e sviluppare l\u2019approccio sperimentale all\u2019economia e alla psicologia<\/h3>\n<h3>Aiutare individui ed enti a sviluppare capacit\u00e0 di ragionamento critico e sviluppare la capacit\u00e0 di comunicare efficacemente<\/h3>\n<h3>Fornire spunti comportamentali a individui e organizzazioni per interagire pi\u00f9 efficacemente con le persone e stimolare cambiamenti di comportamento<\/h3>\n<p><\/p>[\/et_pb_text][\/et_pb_column][\/et_pb_row][\/et_pb_section]","protected":false},"excerpt":{"rendered":"<p>Aiutare a realizzare esperimenti e sviluppare l\u2019approccio sperimentale all\u2019economia e alla psicologia Aiutare individui ed enti a sviluppare capacit\u00e0 di ragionamento critico e sviluppare la capacit\u00e0 di comunicare efficacemente Fornire spunti comportamentali a individui e organizzazioni per interagire pi\u00f9 efficacemente con le persone e stimolare cambiamenti di comportamento<\/p>\n","protected":false},"author":1,"featured_media":0,"parent":0,"menu_order":0,"comment_status":"closed","ping_status":"closed","template":"","meta":{"_et_pb_use_builder":"on","_et_pb_old_content":"<!-- wp:paragraph -->\r\n<p>Questa \u00e8 una pagina di esempio. Differisce da un articolo di un blog perch\u00e9 rimane sempre allo stesso posto e (in molti temi) appare nel menu di navigazione. Molte persone iniziano con una pagina di Informazioni che li presentano ai visitatori del sito. Potrebbe apparire una presentazione del tipo:<\/p>\r\n<!-- \/wp:paragraph -->\r\n\r\n<!-- wp:quote -->\r\n<blockquote class=\"wp-block-quote\"><p>Ciao! Sono un fattorino ciclista di giorno, aspirante attore di notte e questo \u00e8 il mio sito web. Vivo a Los Angeles, ho un grande cane di nome Jack e mi piace la pi\u00f1a colada. (E prendere la pioggia)<\/p><\/blockquote>\r\n<!-- \/wp:quote -->\r\n\r\n<!-- wp:paragraph -->\r\n<p>...o qualcosa di simile:<\/p>\r\n<!-- \/wp:paragraph -->\r\n\r\n<!-- wp:quote -->\r\n<blockquote class=\"wp-block-quote\"><p>La Societ\u00e0 XYZ Aggeggi \u00e8 stata fondata nel 1971 e da allora fornisce al pubblico aggeggi di ottima qualit\u00e0. Situata a Fantasilandia, XYZ impiega oltre 2.000 persone e realizza ogni sorta di aggeggio fantastico per la comunit\u00e0 di Fantasilandia.<\/p><\/blockquote>\r\n<!-- \/wp:quote -->\r\n\r\n<!-- wp:paragraph -->\r\n<p>Come nuovo utente di WordPress, dovresti andare nella tua <a href=\"https:\/\/osservatori.iuse.it\/coerence\/wp-admin\/\">Bacheca<\/a> per eliminare questa pagina, e crearne delle nuove per i tuoi contenuti. Divertiti!<\/p>\r\n<!-- \/wp:paragraph -->","_et_gb_content_width":"","footnotes":""},"class_list":["post-2","page","type-page","status-publish","hentry"],"_links":{"self":[{"href":"https:\/\/osservatori.iuse.it\/bip\/wp-json\/wp\/v2\/pages\/2"}],"collection":[{"href":"https:\/\/osservatori.iuse.it\/bip\/wp-json\/wp\/v2\/pages"}],"about":[{"href":"https:\/\/osservatori.iuse.it\/bip\/wp-json\/wp\/v2\/types\/page"}],"author":[{"embeddable":true,"href":"https:\/\/osservatori.iuse.it\/bip\/wp-json\/wp\/v2\/users\/1"}],"replies":[{"embeddable":true,"href":"https:\/\/osservatori.iuse.it\/bip\/wp-json\/wp\/v2\/comments?post=2"}],"version-history":[{"count":5,"href":"https:\/\/osservatori.iuse.it\/bip\/wp-json\/wp\/v2\/pages\/2\/revisions"}],"predecessor-version":[{"id":134,"href":"https:\/\/osservatori.iuse.it\/bip\/wp-json\/wp\/v2\/pages\/2\/revisions\/134"}],"wp:attachment":[{"href":"https:\/\/osservatori.iuse.it\/bip\/wp-json\/wp\/v2\/media?parent=2"}],"curies":[{"name":"wp","href":"https:\/\/api.w.org\/{rel}","templated":true}]}}