{"id":35,"date":"2021-03-25T18:15:54","date_gmt":"2021-03-25T17:15:54","guid":{"rendered":"https:\/\/osservatori.iuse.it\/gpet\/?page_id=35"},"modified":"2021-03-25T18:17:23","modified_gmt":"2021-03-25T17:17:23","slug":"attivita","status":"publish","type":"page","link":"https:\/\/osservatori.iuse.it\/gpet\/attivita\/","title":{"rendered":"Attivit\u00e0"},"content":{"rendered":"<p>Con questi ed altri corrispondenti si pu\u00f2 intensificare il dialogo gi\u00e0 in atto nella rivista Diritto penale XXI secolo e promuovere studi, organizzare eventi (convegni, dibattiti anche registrati e collocati su siti informatici) il pi\u00f9 possibile interdisciplinari e coinvolgendo sempre anche gli operatori del diritto (magistrati e avvocati) e dandone notizia tramite i mezzi di comunicazione sociale prima e dopo l\u2019espletamento.<\/p>\n","protected":false},"excerpt":{"rendered":"<p>Con questi ed altri corrispondenti si pu\u00f2 intensificare il dialogo gi\u00e0 in atto nella rivista Diritto penale XXI secolo e promuovere studi, organizzare eventi (convegni, dibattiti anche registrati e collocati su siti informatici) il pi\u00f9 possibile interdisciplinari e coinvolgendo sempre anche gli operatori del diritto (magistrati e avvocati) e dandone notizia tramite i mezzi di [&hellip;]<\/p>\n","protected":false},"author":1,"featured_media":37,"parent":0,"menu_order":0,"comment_status":"closed","ping_status":"closed","template":"","meta":{"_et_pb_use_builder":"","_et_pb_old_content":"","_et_gb_content_width":"","footnotes":""},"class_list":["post-35","page","type-page","status-publish","has-post-thumbnail","hentry"],"_links":{"self":[{"href":"https:\/\/osservatori.iuse.it\/gpet\/wp-json\/wp\/v2\/pages\/35"}],"collection":[{"href":"https:\/\/osservatori.iuse.it\/gpet\/wp-json\/wp\/v2\/pages"}],"about":[{"href":"https:\/\/osservatori.iuse.it\/gpet\/wp-json\/wp\/v2\/types\/page"}],"author":[{"embeddable":true,"href":"https:\/\/osservatori.iuse.it\/gpet\/wp-json\/wp\/v2\/users\/1"}],"replies":[{"embeddable":true,"href":"https:\/\/osservatori.iuse.it\/gpet\/wp-json\/wp\/v2\/comments?post=35"}],"version-history":[{"count":1,"href":"https:\/\/osservatori.iuse.it\/gpet\/wp-json\/wp\/v2\/pages\/35\/revisions"}],"predecessor-version":[{"id":36,"href":"https:\/\/osservatori.iuse.it\/gpet\/wp-json\/wp\/v2\/pages\/35\/revisions\/36"}],"wp:featuredmedia":[{"embeddable":true,"href":"https:\/\/osservatori.iuse.it\/gpet\/wp-json\/wp\/v2\/media\/37"}],"wp:attachment":[{"href":"https:\/\/osservatori.iuse.it\/gpet\/wp-json\/wp\/v2\/media?parent=35"}],"curies":[{"name":"wp","href":"https:\/\/api.w.org\/{rel}","templated":true}]}}