{"id":638,"date":"2025-09-16T12:19:05","date_gmt":"2025-09-16T10:19:05","guid":{"rendered":"https:\/\/osservatori.iuse.it\/riohs\/?page_id=638"},"modified":"2025-10-02T21:01:25","modified_gmt":"2025-10-02T19:01:25","slug":"gli-approfondimenti-dellosservatorio","status":"publish","type":"page","link":"https:\/\/osservatori.iuse.it\/riohs\/it\/gli-approfondimenti-dellosservatorio\/","title":{"rendered":"Gli Approfondimenti dell&#8217;Osservatorio"},"content":{"rendered":"[et_pb_section fb_built=&#8221;1&#8243; admin_label=&#8221;section&#8221; _builder_version=&#8221;4.16&#8243; global_colors_info=&#8221;{}&#8221; theme_builder_area=&#8221;post_content&#8221;][et_pb_row admin_label=&#8221;row&#8221; _builder_version=&#8221;4.16&#8243; background_size=&#8221;initial&#8221; background_position=&#8221;top_left&#8221; background_repeat=&#8221;repeat&#8221; global_colors_info=&#8221;{}&#8221; theme_builder_area=&#8221;post_content&#8221;][et_pb_column type=&#8221;4_4&#8243; _builder_version=&#8221;4.16&#8243; custom_padding=&#8221;|||&#8221; global_colors_info=&#8221;{}&#8221; custom_padding__hover=&#8221;|||&#8221; theme_builder_area=&#8221;post_content&#8221;][et_pb_text admin_label=&#8221;Text&#8221; _builder_version=&#8221;4.27.4&#8243; background_size=&#8221;initial&#8221; background_position=&#8221;top_left&#8221; background_repeat=&#8221;repeat&#8221; hover_enabled=&#8221;0&#8243; global_colors_info=&#8221;{}&#8221; theme_builder_area=&#8221;post_content&#8221; sticky_enabled=&#8221;0&#8243;]\n<h4>GLI APPROFONDIMENTI DELL\u2019OSSERVATORIO<\/h4>\n<h2>Relazioni familiari e tutela dei diritti dei minori<\/h2>\n<h5>Ciclo di seminari\u00a0<\/h5>\n[\/et_pb_text][et_pb_text admin_label=&#8221;Text&#8221; _builder_version=&#8221;4.27.4&#8243; background_size=&#8221;initial&#8221; background_position=&#8221;top_left&#8221; background_repeat=&#8221;repeat&#8221; hover_enabled=&#8221;0&#8243; global_colors_info=&#8221;{}&#8221; theme_builder_area=&#8221;post_content&#8221; sticky_enabled=&#8221;0&#8243;]\n<p>In collaborazione con l\u2019Associazione forense Avvocatura e Famiglia, sezione di Torino, RIOHS promuove un ciclo di seminari in materia di diritto di famiglia, con focus sulle relazioni familiari, la tutela dei diritti dei minori e, pi\u00f9 in generale, delle persone fragili.<\/p>\n<p>Si tratta di eventi, patrocinati dal Dipartimento di Management dell\u2019Universit\u00e0 di Torino, dedicati all\u2019approfondimento di temi specifici di diritto sostanziale e processuale selezionati tra quelli di maggior interesse per la formazione di avvocati, magistrati, psicologi, psichiatri e operatori socio sanitari. Esperti nelle varie discipline si confronteranno in merito all\u2019interpretazione di norme e applicazione di istituti di particolare complessit\u00e0, entrando nel vivo delle questioni pi\u00f9 dibattute anche attraverso l\u2019analisi delle elaborazioni giurisprudenziali.<\/p>\n<p>Gli incontri, concentrati in due ore, si terranno presso la sede del Dipartimento di Management e on line su piattaforma Webex, con le modalit\u00e0 indicate nelle singole brochure. La partecipazione \u00e8 gratuita e, quando previsto, consentir\u00e0 il riconoscimento di crediti formativi professionali.<\/p>\n<p>&nbsp;<\/p>\n[\/et_pb_text][\/et_pb_column][\/et_pb_row][\/et_pb_section]\n","protected":false},"excerpt":{"rendered":"<p>GLI APPROFONDIMENTI DELL\u2019OSSERVATORIO Relazioni familiari e tutela dei diritti dei minori Ciclo di seminari\u00a0In collaborazione con l\u2019Associazione forense Avvocatura e Famiglia, sezione di Torino, RIOHS promuove un ciclo di seminari in materia di diritto di famiglia, con focus sulle relazioni familiari, la tutela dei diritti dei minori e, pi\u00f9 in generale, delle persone fragili. Si [&hellip;]<\/p>\n","protected":false},"author":1,"featured_media":656,"parent":0,"menu_order":0,"comment_status":"closed","ping_status":"closed","template":"","meta":{"_et_pb_use_builder":"on","_et_pb_old_content":"<h2>Famiglia e successioni<\/h2>\r\nIn collaborazione con l\u2019Associazione Avvocatura e Famiglia, sezione di Torino, RIOHS promuove un ciclo di conferenze in materia di diritto di famiglia, con focus sulle relazioni familiari, la tutela dei diritti dei minori e, pi\u00f9 in generale, delle persone fragili.\r\n\r\nSi tratta di eventi, patrocinati dal Dipartimento di Management dell\u2019Universit\u00e0 di Torino, dedicati all\u2019approfondimento di temi specifici di diritto sostanziale e processuale selezionati tra quelli di maggior interesse per la formazione di avvocati, magistrati, psicologi, psichiatri e operatori socio sanitari. Esperti nelle varie discipline si confronteranno, di volta in volta, in merito all\u2019interpretazione di norme e applicazione di istituti di particolare complessit\u00e0, entrando nel vivo delle questioni pi\u00f9 dibattute, anche attraverso l\u2019analisi delle elaborazioni giurisprudenziali.\r\n\r\nGli incontri, concentrati in due ore, si terranno di regola il gioved\u00ec nel primo pomeriggio su piattaforma Teams, con le modalit\u00e0 indicate nelle singole brochure. La partecipazione \u00e8 gratuita e, quando previsto, consentir\u00e0 (prevede il riconoscimento) il riconoscimento di crediti formativi professionali.","_et_gb_content_width":"","footnotes":""},"class_list":["post-638","page","type-page","status-publish","has-post-thumbnail","hentry"],"_links":{"self":[{"href":"https:\/\/osservatori.iuse.it\/riohs\/wp-json\/wp\/v2\/pages\/638"}],"collection":[{"href":"https:\/\/osservatori.iuse.it\/riohs\/wp-json\/wp\/v2\/pages"}],"about":[{"href":"https:\/\/osservatori.iuse.it\/riohs\/wp-json\/wp\/v2\/types\/page"}],"author":[{"embeddable":true,"href":"https:\/\/osservatori.iuse.it\/riohs\/wp-json\/wp\/v2\/users\/1"}],"replies":[{"embeddable":true,"href":"https:\/\/osservatori.iuse.it\/riohs\/wp-json\/wp\/v2\/comments?post=638"}],"version-history":[{"count":6,"href":"https:\/\/osservatori.iuse.it\/riohs\/wp-json\/wp\/v2\/pages\/638\/revisions"}],"predecessor-version":[{"id":662,"href":"https:\/\/osservatori.iuse.it\/riohs\/wp-json\/wp\/v2\/pages\/638\/revisions\/662"}],"wp:featuredmedia":[{"embeddable":true,"href":"https:\/\/osservatori.iuse.it\/riohs\/wp-json\/wp\/v2\/media\/656"}],"wp:attachment":[{"href":"https:\/\/osservatori.iuse.it\/riohs\/wp-json\/wp\/v2\/media?parent=638"}],"curies":[{"name":"wp","href":"https:\/\/api.w.org\/{rel}","templated":true}]}}